{"id":7,"date":"2017-01-05T07:08:41","date_gmt":"2017-01-05T07:08:41","guid":{"rendered":"https:\/\/toimintaterapiaa.wordpress.com\/?page_id=4"},"modified":"2017-01-05T07:08:41","modified_gmt":"2017-01-05T07:08:41","slug":"contact","status":"publish","type":"page","link":"https:\/\/toimintaterapiaa.fi\/?page_id=7","title":{"rendered":"Palaute"},"content":{"rendered":"<h3><em><strong>Palautteesi on t\u00e4rke\u00e4\u00e4<\/strong><\/em><\/h3>\n<p>Arvostamme palautetta toiminnan kehitt\u00e4misess\u00e4. Alla olevalla lomakkeella voit l\u00e4hett\u00e4\u00e4 meille palautetta nimett\u00f6m\u00e4n\u00e4.<\/p>\n<p class=\"wpcf7-contact-form-not-found\"><strong>Error:<\/strong> Contact form not found.<\/p>\n","protected":false},"excerpt":{"rendered":"<p>This is just a short excerpt for the contact&nbsp;page.<\/p>\n","protected":false},"author":2,"featured_media":0,"parent":0,"menu_order":2,"comment_status":"closed","ping_status":"closed","template":"","meta":{"footnotes":""},"class_list":["post-7","page","type-page","status-publish","hentry","without-featured-image"],"_links":{"self":[{"href":"https:\/\/toimintaterapiaa.fi\/index.php?rest_route=\/wp\/v2\/pages\/7","targetHints":{"allow":["GET"]}}],"collection":[{"href":"https:\/\/toimintaterapiaa.fi\/index.php?rest_route=\/wp\/v2\/pages"}],"about":[{"href":"https:\/\/toimintaterapiaa.fi\/index.php?rest_route=\/wp\/v2\/types\/page"}],"author":[{"embeddable":true,"href":"https:\/\/toimintaterapiaa.fi\/index.php?rest_route=\/wp\/v2\/users\/2"}],"replies":[{"embeddable":true,"href":"https:\/\/toimintaterapiaa.fi\/index.php?rest_route=%2Fwp%2Fv2%2Fcomments&post=7"}],"version-history":[{"count":0,"href":"https:\/\/toimintaterapiaa.fi\/index.php?rest_route=\/wp\/v2\/pages\/7\/revisions"}],"wp:attachment":[{"href":"https:\/\/toimintaterapiaa.fi\/index.php?rest_route=%2Fwp%2Fv2%2Fmedia&parent=7"}],"curies":[{"name":"wp","href":"https:\/\/api.w.org\/{rel}","templated":true}]}}