{"id":33,"date":"2015-08-22T11:11:09","date_gmt":"2015-08-22T11:11:09","guid":{"rendered":"http:\/\/www.toimintaterapiaa.fi\/uusi\/?page_id=18"},"modified":"2026-03-11T14:58:04","modified_gmt":"2026-03-11T12:58:04","slug":"toiminta-ajatus","status":"publish","type":"page","link":"https:\/\/toimintaterapiaa.fi\/?page_id=33","title":{"rendered":"Toiminta-ajatus"},"content":{"rendered":"<p>Toimintaterapiassa tavoitteet sovitaan yhdess\u00e4 asiakkaan ja h\u00e4nen l\u00e4heisten kanssa, l\u00e4hett\u00e4v\u00e4n tahon arvioinnin pohjalta. Toimintaterapiassa tavoitteiden toteutumista arvioidaan mm. Kelan Gas- tavoite asteikkoa apuna k\u00e4ytt\u00e4en. Toimintaterapia toteutuu kuntoutussuunnitelman mukaisesti osittain tai kokonaan vastaanotto, &#8211; koulu, &#8211; ja tai kotik\u00e4yntein\u00e4. Tarvittaessa toimintaterapeutti osallistuu yhteisty\u00f6tapaamisiin koululla, p\u00e4iv\u00e4kodissa, asuntolassa, sairaalassa tai p\u00e4iv\u00e4toiminnassa.<\/p>\n<h1><\/h1>\n<h1>Arvot<\/h1>\n<div>\n<p>L\u00e4sn\u00e4 olevan ja ammattitaitoisen kuntoutuksen lis\u00e4ksi meille on t\u00e4rke\u00e4\u00e4 tehd\u00e4 ty\u00f6t\u00e4 ilolla, syli ja syd\u00e4n avoinna. Aistit ja aistiminen on kehityksen perusta, joten ty\u00f6ss\u00e4mme painottuu el\u00e4myksellisyys ja moniaistisuus. Aistien ja aistimusten kautta luodaan yhteys, saadaan kokemuksia mutta my\u00f6s todennetaan olevaa.\u00a0 Lasten kanssa on t\u00e4rke\u00e4\u00e4 kannustaa lasta laajentamaan osaamistaan ja tutustumaan uuteen, turvallisesti luotettavassa ja innostavassa ilmapiiriss\u00e4. Uuden taidon harjoittelu sujuu helpommin hauskan leikin ja ilon kautta. Haastavankin k\u00e4yt\u00f6ksen takana on tarve, joka tulee l\u00f6yt\u00e4\u00e4 ja ymm\u00e4rt\u00e4\u00e4. N\u00e4in lapsen ei tarvitse haastaa ymp\u00e4rist\u00f6\u00e4\u00e4n saavuttaakseen p\u00e4\u00e4m\u00e4\u00e4r\u00e4ns\u00e4. Toimintaterapiassa etsit\u00e4\u00e4n keinoja, joilla voidaan tukea my\u00f6nteist\u00e4 ja rakentavaa vuorovaikutusta. Luodaan uskoa tulevaan ja luotetaan huomiseen.<\/p>\n<\/div>\n<div><\/div>\n<div><\/div>\n","protected":false},"excerpt":{"rendered":"<p>Toimintaterapiassa tavoitteet sovitaan yhdess\u00e4 asiakkaan ja h\u00e4nen l\u00e4heisten kanssa, l\u00e4hett\u00e4v\u00e4n tahon arvioinnin pohjalta. Toimintaterapiassa tavoitteiden toteutumista arvioidaan mm. Kelan Gas- tavoite asteikkoa apuna k\u00e4ytt\u00e4en. Toimintaterapia toteutuu kuntoutussuunnitelman mukaisesti osittain tai kokonaan vastaanotto, &#8211; koulu, &#8211; ja tai kotik\u00e4yntein\u00e4. Tarvittaessa toimintaterapeutti osallistuu yhteisty\u00f6tapaamisiin koululla, p\u00e4iv\u00e4kodissa, asuntolassa, sairaalassa tai p\u00e4iv\u00e4toiminnassa. Arvot L\u00e4sn\u00e4 olevan ja ammattitaitoisen kuntoutuksen lis\u00e4ksi &hellip; <a href=\"https:\/\/toimintaterapiaa.fi\/?page_id=33\" class=\"more-link\">Jatka artikkeliin <span class=\"screen-reader-text\">Toiminta-ajatus<\/span><\/a><\/p>\n","protected":false},"author":2,"featured_media":0,"parent":0,"menu_order":0,"comment_status":"closed","ping_status":"closed","template":"","meta":{"footnotes":""},"class_list":["post-33","page","type-page","status-publish","hentry","without-featured-image"],"_links":{"self":[{"href":"https:\/\/toimintaterapiaa.fi\/index.php?rest_route=\/wp\/v2\/pages\/33","targetHints":{"allow":["GET"]}}],"collection":[{"href":"https:\/\/toimintaterapiaa.fi\/index.php?rest_route=\/wp\/v2\/pages"}],"about":[{"href":"https:\/\/toimintaterapiaa.fi\/index.php?rest_route=\/wp\/v2\/types\/page"}],"author":[{"embeddable":true,"href":"https:\/\/toimintaterapiaa.fi\/index.php?rest_route=\/wp\/v2\/users\/2"}],"replies":[{"embeddable":true,"href":"https:\/\/toimintaterapiaa.fi\/index.php?rest_route=%2Fwp%2Fv2%2Fcomments&post=33"}],"version-history":[{"count":1,"href":"https:\/\/toimintaterapiaa.fi\/index.php?rest_route=\/wp\/v2\/pages\/33\/revisions"}],"predecessor-version":[{"id":292,"href":"https:\/\/toimintaterapiaa.fi\/index.php?rest_route=\/wp\/v2\/pages\/33\/revisions\/292"}],"wp:attachment":[{"href":"https:\/\/toimintaterapiaa.fi\/index.php?rest_route=%2Fwp%2Fv2%2Fmedia&parent=33"}],"curies":[{"name":"wp","href":"https:\/\/api.w.org\/{rel}","templated":true}]}}