{"id":32,"date":"2015-08-22T11:10:50","date_gmt":"2015-08-22T11:10:50","guid":{"rendered":"http:\/\/www.toimintaterapiaa.fi\/uusi\/?page_id=16"},"modified":"2015-08-22T11:10:50","modified_gmt":"2015-08-22T11:10:50","slug":"tyohistoria","status":"publish","type":"page","link":"https:\/\/toimintaterapiaa.fi\/?page_id=32","title":{"rendered":"Ty\u00f6kokemus"},"content":{"rendered":"<p>Kati toiminut toimintaterapeuttina vuodesta 2005 l\u00e4htien. N\u00e4iden vuosien aikana olen toiminut sek\u00e4 julkisen ett\u00e4 yksityisen palvelutuntuottajan palveluksessa ja nykyisin itsen\u00e4isen\u00e4 palveluntuottajana.\u00a0 Enimm\u00e4kseen ty\u00f6skentelen lasten kanssa, joilla on aistitiedonk\u00e4sittelyn haasteita tai jokin neuropsykiatrinen oirekuva kuten autismi, k\u00e4yt\u00f6s- ja uhmakkuush\u00e4iri\u00f6, tai adhd.<\/p>\n<p>Toimintaterapian lis\u00e4ksi Kati on keramiikka artesaani ja siten ty\u00f6ss\u00e4ni luontevasti kulkee mukana my\u00f6s luovat toiminnot. Aistit ja aistiminen ovat perusta toimintakykyisyydelle siksi painotan ty\u00f6ss\u00e4ni kokemuksellisuutta ja moniaistisuutta. Toimintaterapian tueksi olen kouluttautunut kognitiivisen psykoterapian valmiuksilla, poikkeavasti kehittyv\u00e4t aistit koulutuskokonaisuudella sek\u00e4 sensorisen integraation (SI) menetelm\u00e4ll\u00e4.<\/p>\n<p>Soila on toiminut toimintaterapeuttina vuodesta 2006 l\u00e4htien, h\u00e4n on toiminut sek\u00e4 julkisen ett\u00e4 yksityisen palveluntuottajan palveluksessa ja nykyisin itsen\u00e4isen\u00e4 ammatinharjoittajana. Soila ty\u00f6skentelee enimm\u00e4kseen lasten kanssa, joilla on kehityksen viiv\u00e4stym\u00e4\u00e4 tai jokin neurologinen tai neuropsykiatrinen oirekuva.<\/p>\n<p>Toimintaterapian lis\u00e4ksi Soila on ratsastusterapeutti, joten el\u00e4inavusteiset terapiat ja luontoel\u00e4mykset ovat luontevasti mukana terapian toteutuksessa. Toimintaterapian tueksi Soila on kouluttautunut kognitiivisen psykoterapian valmiuksilla, poikkeavasti kehittyv\u00e4t aistit koulutuskokonaisuudella sek\u00e4 NDT Bobath- menetelm\u00e4n terapeutiksi.<\/p>\n<h1>Kati CV<\/h1>\n<h4>Opinnot<\/h4>\n<ul>\n<li><span style=\"font-size:inherit;color:initial;\">2021 Lyhyt Kognitiivinen psykoterapia \/ Integrum- institute for Cognitive Therapies Finland<\/span><\/li>\n<li>2019 LEGO- Based Therapy Training, Lasten neurologisen kuntoutuksen yhdistys<\/li>\n<li>2015 Venny visuaalisten hahmotusvaikeuksien kartoitus ja kuntoutus \/ Venny-visio Oy<\/li>\n<li>2014 GAS-Goal Attainment Scaling koulutus \/ Laurea ammattikorkeakoulu<\/li>\n<li>2014 Miller Assessment for Preshooler \/ MAP\/ Sity Sensorisen integraation yhdistys<\/li>\n<li>2014 European Sensory integration congress \/ Sity Sensorisen integraation yhdistys<\/li>\n<li>2014 Miller Function &amp; Particpation Scales M-FunPS \/ Sity Sensorisen integraation yhdistys<\/li>\n<li>2013 Sensorisen integraation teoria ja terapia \/ Turun ammattikorkeakoulu<\/li>\n<li>2012 Kognitiivisen psykoterapian valmiudet \/ Integrum- institute for Cognitive Therapies Finland<\/li>\n<li>2011 Neuro- ja kognitiivinen psykologia \/ Helsingin yliopisto<\/li>\n<li>2011 Bodytech kinesiology taping \/ Bodytech<\/li>\n<li>2005 Toimintaterapeutti amk \/ Metropolia<\/li>\n<li>1999 Keramiikka artessani \/ Forssan ammatti-instituutti<\/li>\n<\/ul>\n<h4>Ty\u00f6paikat<\/h4>\n<ul>\n<li>Itsen\u00e4inen ammattiharjoittaja toimintaterapia<\/li>\n<li>Helsingin kaupunki lasten toimintaterapia<\/li>\n<li>Autismis\u00e4\u00e4ti\u00f6<\/li>\n<li>Aspa asumispalvelut<\/li>\n<li>Contextia<\/li>\n<li>Neuromental<\/li>\n<li>ADHD-Liitto<\/li>\n<li>HUS\u00a0<\/li>\n<\/ul>\n<h4>Pidetyt koulutukset<\/h4>\n<p>Vuosien varrella olen my\u00f6s kouluttanut toimintaterapiaan, kuntoutukseen, aistitoimintoihin ja neuropsykiatriseen oirekuvaan liittyen. Koulutuksia pid\u00e4n vain pyydett\u00e4ess\u00e4, erillisell\u00e4 soopimuksella.<\/p>\n<ul>\n<li>2015 Helsingin kaupungin varhaiskasvatuksen ty\u00f6ntekij\u00f6ille: Toimintaterapian mahdollisuudet Paikka:Helsingin yliopisto<\/li>\n<li>2014 Helsingin kaupungin varhaiskasvatuksen ty\u00f6ntekij\u00f6ille: Toimintaterapian mahdollisuudet Paikka: Tikkurilan Ammattikorkea Laurea<\/li>\n<li>2013 Seminaari Aistitiedon k\u00e4sittely ja ymp\u00e4rist\u00f6n hahmottaminen: Ainutlaatuinen aistimus ja ymp\u00e4rist\u00f6n hahmotaminen Paikka:Keskuspuiston ammattiopiston kes\u00e4p\u00e4iv\u00e4t<\/li>\n<li>2012 Seminaari Satakunnan keskussairaala: Neuropsykiatriset oireyhtym\u00e4t ja kuntoutus Paikka: Porin psykiatrinen erikoisairaanhoito<\/li>\n<\/ul>\n<h4>Osallistumiset<\/h4>\n<p>Toimintaterapian ohella olen ollut suunnittelemassa ja toteuttamassa erillisi\u00e4 projekteja.<\/p>\n<ul>\n<li>2014 Helsingin kaupungin ja Metropolia ammattikorkeakoulun yhteisty\u00f6 Toimintaterapiaopiskelijoiden arviointiv\u00e4lineharjoittelun integreoituminen osaksi kaupungin palveluita<\/li>\n<li>2013 ADHD Liiton sopeutumisvalmennus<\/li>\n<li>2011-2012 Kelan nuorten ryhm\u00e4muotoinen kuntoutus projekti<\/li>\n<\/ul>\n<h1>\u00a0<\/h1>\n<h1>Soila CV<\/h1>\n<h4>Opinnot<\/h4>\n<ul>\n<li>\n<div>2021 GOAL-testi, Oriented Assessment of Lifeskills, Sity\u00a0Sensorisen integraation yhdistys<\/div>\n<\/li>\n<li>\n<div>2021 Tunteet ja tarpeet &#8211; tunnety\u00f6skentely toimintaterapiassa, Toiminta Akatemia<\/div>\n<\/li>\n<li>\n<div>2021 Tammisto et\u00e4terapiapakki, Toiminta Akatemia<\/div>\n<\/li>\n<li>\n<div>2021 Psykofyysinen l\u00e4hestymistapa toimintaterapeuteille, Tampereen AMK<\/div>\n<\/li>\n<li>\n<div>2020 Aistis\u00e4\u00e4telyongelmat ja niiden arviointi SPM ja SPM-P,\u00a0Sity Sensorisen integraation yhdistys<\/div>\n<\/li>\n<li>\n<div>2019 Sensorisen \u00a0integraation ongelmat ja lapsen toimintakyky (B-osa),\u00a0Metropolia<\/div>\n<\/li>\n<li>\n<div>2019 Sensorisen integraation perusteet(A-osa), Metropolia<\/div>\n<\/li>\n<li>\n<div>2019 LEGO- Based Therapy Training, Lasten neurologisen kuntoutuksen yhdistys<\/div>\n<\/li>\n<li>\n<div dir=\"ltr\"><span style=\"color:initial;\">2019 Tenavat tasapainoon, Merja Tompuri<\/span><\/div>\n<\/li>\n<li><span style=\"font-size:inherit;color:initial;\">2018 Lyhyt Kognitiivinen psykoterapia \/ Integrum- institute for Cognitive Therapies Finland<\/span><\/li>\n<li><span style=\"font-size:inherit;\">2018 Lasten jooga ja tietoisuustaidot terapiaty\u00f6ss\u00e4 \/ Lasten neurologisen kuntoutuksen yhdistys<\/span><\/li>\n<li><span style=\"font-size:inherit;\">2018 Vibraatio, paino- ja painetuotteiden sek\u00e4 hengityksen hy\u00f6dynt\u00e4minen lastenneurologisessa kuntoutuksessa \/ Lasten neurologisen kuntoutuksen yhdistys ry<\/span><\/li>\n<li><span style=\"font-size:inherit;\">2017 Zones of Regulation \/ Toimintaterapia Tammisto<\/span><\/li>\n<li><span style=\"font-size:inherit;\">2017 Ralla leikki- ja kaveritaitojen havainnointi \/ Uudenmaan terapiapalvelut Oy<\/span><\/li>\n<li><span style=\"font-size:inherit;\">2015 NDT- Bobath terapeutti \/ Suomen NDT-yhdistys ry<\/span><\/li>\n<li><span style=\"font-size:inherit;\">2014 Miller Assessment for Preshooler \/ MAP\/ Sity Sensorisen integraation yhdistys<\/span><\/li>\n<li><span style=\"font-size:inherit;\">2014 Miller Function &amp; Particpation Scales M-FunPS \/ Sity Sensorisen integraation yhdistys<\/span><\/li>\n<li><span style=\"font-size:inherit;\">2015 Ratsastusterapeutti SRT \/ Suomen Ratsastusterapeutit ry<\/span><\/li>\n<li><span style=\"font-size:inherit;\">2011 GAS -Goal Attainment Scaling koulutus \/ Metropolia ammattikorkeakoulu<\/span><\/li>\n<li><span style=\"font-size:inherit;\">2011 N\u00e4\u00e4kk\u00f6 n\u00e4\u00e4 \/ N\u00e4k\u00f6vammaisten Keskusliitto ry<\/span><\/li>\n<li><span style=\"font-size:inherit;\">2011 ICF-koulutus \/ Metropolia ammattikorkeakoulu<\/span><\/li>\n<li><span style=\"font-size:inherit;\">2010 Kehittyv\u00e4t aivot \/ Lastenneurologinen yhdistys<\/span><\/li>\n<li><span style=\"font-size:inherit;\">2010 Perheiden ohjaaminen ja vanhemmuuden kohtaaminen\/Suomen Cp-terapiayhdistys<\/span><\/li>\n<li><span style=\"font-size:inherit;\">2009 Sensory Profile \/ Toimintaterapia Terapiatupa<\/span><\/li>\n<li><span style=\"font-size:inherit;\">2007 Poikkeavasti kehittyvien lasten ja nuorten kuntoutus-ohjaaja\/Mahdollisuus lapselle ry<\/span><\/li>\n<li><span style=\"font-size:inherit;\">2006 Toimintaterapeutti AMK \/ Metropolia<\/span><\/li>\n<li><span style=\"font-size:inherit;\">2003 Ratsastuksen ohjaaja ROK\/ Yp\u00e4j\u00e4n Hevosopisto oy<\/span><\/li>\n<\/ul>\n<h4>Ty\u00f6paikat<\/h4>\n<ul>\n<li><span style=\"font-size:inherit;\">Itsen\u00e4inen ammattiharjoittaja, lasten ja nuorten yksil\u00f6 toimintaterapia<\/span><\/li>\n<li><span style=\"font-size:inherit;\">Vantaan kaupunki, lasten toimintakyvyn arviointi<\/span><\/li>\n<li><span style=\"font-size:inherit;\">Nurmij\u00e4rven kunta, lasten toimintakyvyn arviointi, yksil\u00f6 ja ryhm\u00e4terapia<\/span><\/li>\n<li><span style=\"font-size:inherit;\">HYKS, Lasten toimintakyvyn arviointi<\/span><\/li>\n<li><span style=\"font-size:inherit;\">TCR Vantaan fysioterapia, lasten yksil\u00f6 toimintaterapia<\/span><\/li>\n<\/ul>\n<h1>\u00a0<\/h1>\n\n\n<p><\/p>\n","protected":false},"excerpt":{"rendered":"<p>Kati toiminut toimintaterapeuttina vuodesta 2005 l\u00e4htien. N\u00e4iden vuosien aikana olen toiminut sek\u00e4 julkisen ett\u00e4 yksityisen palvelutuntuottajan palveluksessa ja nykyisin itsen\u00e4isen\u00e4 palveluntuottajana.\u00a0 Enimm\u00e4kseen ty\u00f6skentelen lasten kanssa, joilla on aistitiedonk\u00e4sittelyn haasteita tai jokin neuropsykiatrinen oirekuva kuten autismi, k\u00e4yt\u00f6s- ja uhmakkuush\u00e4iri\u00f6, tai adhd. Toimintaterapian lis\u00e4ksi Kati on keramiikka artesaani ja siten ty\u00f6ss\u00e4ni luontevasti kulkee mukana my\u00f6s luovat toiminnot. &hellip; <a href=\"https:\/\/toimintaterapiaa.fi\/?page_id=32\" class=\"more-link\">Jatka artikkeliin <span class=\"screen-reader-text\">Ty\u00f6kokemus<\/span><\/a><\/p>\n","protected":false},"author":2,"featured_media":0,"parent":0,"menu_order":0,"comment_status":"closed","ping_status":"closed","template":"","meta":{"footnotes":""},"class_list":["post-32","page","type-page","status-publish","hentry","without-featured-image"],"_links":{"self":[{"href":"https:\/\/toimintaterapiaa.fi\/index.php?rest_route=\/wp\/v2\/pages\/32","targetHints":{"allow":["GET"]}}],"collection":[{"href":"https:\/\/toimintaterapiaa.fi\/index.php?rest_route=\/wp\/v2\/pages"}],"about":[{"href":"https:\/\/toimintaterapiaa.fi\/index.php?rest_route=\/wp\/v2\/types\/page"}],"author":[{"embeddable":true,"href":"https:\/\/toimintaterapiaa.fi\/index.php?rest_route=\/wp\/v2\/users\/2"}],"replies":[{"embeddable":true,"href":"https:\/\/toimintaterapiaa.fi\/index.php?rest_route=%2Fwp%2Fv2%2Fcomments&post=32"}],"version-history":[{"count":0,"href":"https:\/\/toimintaterapiaa.fi\/index.php?rest_route=\/wp\/v2\/pages\/32\/revisions"}],"wp:attachment":[{"href":"https:\/\/toimintaterapiaa.fi\/index.php?rest_route=%2Fwp%2Fv2%2Fmedia&parent=32"}],"curies":[{"name":"wp","href":"https:\/\/api.w.org\/{rel}","templated":true}]}}