{"id":29,"date":"2015-08-22T11:06:03","date_gmt":"2015-08-22T11:06:03","guid":{"rendered":"http:\/\/www.toimintaterapiaa.fi\/uusi\/?page_id=10"},"modified":"2026-03-11T14:54:32","modified_gmt":"2026-03-11T12:54:32","slug":"etusivu","status":"publish","type":"page","link":"https:\/\/toimintaterapiaa.fi\/","title":{"rendered":"Lapsenasema oy"},"content":{"rendered":"<h1>\u00a0<\/h1>\n<p><strong><em>Tervetuloa verkkosivuillemme<\/em><\/strong><\/p>\n<p>Terapiapalvelut Lapsenasema tarjoaa toimintaterapia palveluita p\u00e4\u00e4kaupunkiseudun asiakkaille. Tilassa toimii Tmi KATioni ja Tmi Soila Saarinen. Toimintaterapiaan voi hakeutua Kelan, Hus Erikoissairaanhoitopiirin, Helsingin ja Vantaan kaupungin tai vakuutusyhti\u00f6n maksusitoumuksella.<\/p>\n<p>Ty\u00f6skentelemme lasten ja\u00a0nuorten kanssa, joilla on: harjaantumattomuutta sensomotorisissa valmiuksissa, aisti toimintojen vaihtelevuutta, haasteita toiminnanohjauksessa, itses\u00e4\u00e4telyss\u00e4, k\u00e4ytt\u00e4ytymisess\u00e4 tai keskittymisess\u00e4.<\/p>\n<p>Toimintaterapia on l\u00e4\u00e4kinn\u00e4llist\u00e4 kuntoutusta, jonka tavoitteena on edist\u00e4\u00e4 tai yll\u00e4pit\u00e4\u00e4 toimintakykyisyytt\u00e4 asiakkaalle mielekk\u00e4\u00e4ll\u00e4 ja motivoivalla tavalla. Asiakasta tuetaan osallistumaan aktiivisesti oman el\u00e4m\u00e4n suunnitteluun ja toteutukseen, tavoitellen el\u00e4m\u00e4nhallintaa, jossa h\u00e4n on el\u00e4m\u00e4ns\u00e4 keski\u00f6ss\u00e4 aktiivinen ja osaava.<\/p>\n<p>Lasten toimintaterapiassa keskityt\u00e4\u00e4n leikkiin, jonka kautta tuetaan lapsen kehityst\u00e4. Tavoitteena voi olla esimerkiksi sensomotoristen valmiuksien vahvistaminen, k\u00e4ytt\u00e4ytymisen ja tunnes\u00e4\u00e4telyn tukeminen tai itseilmaisun vahvistaminen.<\/p>\n<p>Kati on sensorisen integraation terapeutti (SI-terapeutti) ja on opiskellut neuro- ja kognitiivisen psykologian opintokokonaisuuden, kognitiivisen psykoterapian perusteet. Lis\u00e4ksi Kati k\u00e4ytt\u00e4\u00e4 luovia menetelmi\u00e4 ja taito\/taidetoimintoja, aikaisempaan keramiikka ammattiin nojaten.<\/p>\n<p>Soila on NDT Bobath terapeutti ja h\u00e4n on opiskellut kognitiivisen psykoterapian perusteet. Lis\u00e4ksi Soila on ratsastusterapeutti ja toteuttaa ratsastusterapiaa omalla Vantaan Hakunilassa v. 2007 valmistuneessa ja erityisesti t\u00e4h\u00e4n tarkoitukseen suunnitellulla hevostallilla.<\/p>\n<p>Vapaita aikoja kannattaa tiedustella mieluiten s\u00e4hk\u00f6postilla<\/p>\n<p>kati@toimintaterapiaa.fi tai halutessasi voit soittaa p. 044-5253523<\/p>\n<p>soila.saarinen@hotmail.com tai halutessasi voit soittaa p. 040-5325508<\/p>\n\n\n<p><\/p>\n","protected":false},"excerpt":{"rendered":"<p>\u00a0 Tervetuloa verkkosivuillemme Terapiapalvelut Lapsenasema tarjoaa toimintaterapia palveluita p\u00e4\u00e4kaupunkiseudun asiakkaille. Tilassa toimii Tmi KATioni ja Tmi Soila Saarinen. Toimintaterapiaan voi hakeutua Kelan, Hus Erikoissairaanhoitopiirin, Helsingin ja Vantaan kaupungin tai vakuutusyhti\u00f6n maksusitoumuksella. Ty\u00f6skentelemme lasten ja\u00a0nuorten kanssa, joilla on: harjaantumattomuutta sensomotorisissa valmiuksissa, aisti toimintojen vaihtelevuutta, haasteita toiminnanohjauksessa, itses\u00e4\u00e4telyss\u00e4, k\u00e4ytt\u00e4ytymisess\u00e4 tai keskittymisess\u00e4. Toimintaterapia on l\u00e4\u00e4kinn\u00e4llist\u00e4 kuntoutusta, jonka tavoitteena &hellip; <a href=\"https:\/\/toimintaterapiaa.fi\/\" class=\"more-link\">Jatka artikkeliin <span class=\"screen-reader-text\">Lapsenasema oy<\/span><\/a><\/p>\n","protected":false},"author":2,"featured_media":0,"parent":0,"menu_order":0,"comment_status":"closed","ping_status":"closed","template":"","meta":{"footnotes":""},"class_list":["post-29","page","type-page","status-publish","hentry","without-featured-image"],"_links":{"self":[{"href":"https:\/\/toimintaterapiaa.fi\/index.php?rest_route=\/wp\/v2\/pages\/29","targetHints":{"allow":["GET"]}}],"collection":[{"href":"https:\/\/toimintaterapiaa.fi\/index.php?rest_route=\/wp\/v2\/pages"}],"about":[{"href":"https:\/\/toimintaterapiaa.fi\/index.php?rest_route=\/wp\/v2\/types\/page"}],"author":[{"embeddable":true,"href":"https:\/\/toimintaterapiaa.fi\/index.php?rest_route=\/wp\/v2\/users\/2"}],"replies":[{"embeddable":true,"href":"https:\/\/toimintaterapiaa.fi\/index.php?rest_route=%2Fwp%2Fv2%2Fcomments&post=29"}],"version-history":[{"count":2,"href":"https:\/\/toimintaterapiaa.fi\/index.php?rest_route=\/wp\/v2\/pages\/29\/revisions"}],"predecessor-version":[{"id":286,"href":"https:\/\/toimintaterapiaa.fi\/index.php?rest_route=\/wp\/v2\/pages\/29\/revisions\/286"}],"wp:attachment":[{"href":"https:\/\/toimintaterapiaa.fi\/index.php?rest_route=%2Fwp%2Fv2%2Fmedia&parent=29"}],"curies":[{"name":"wp","href":"https:\/\/api.w.org\/{rel}","templated":true}]}}